{"id":87919,"date":"2025-10-17T00:00:18","date_gmt":"2025-10-17T00:00:18","guid":{"rendered":"https:\/\/rippersbodyshops.com\/?page_id=87919"},"modified":"2025-10-17T00:00:18","modified_gmt":"2025-10-17T00:00:18","slug":"rippers-gives-back-toys-for-tots-2025","status":"publish","type":"page","link":"https:\/\/rippersbodyshops.com\/es\/rippers-gives-back-toys-for-tots-2025\/","title":{"rendered":"Rippers devuelve lo recibido: Juguetes para los ni\u00f1os 2025"},"content":{"rendered":"<div class=\"et_pb_section_0 et_pb_section et_section_regular et_flex_section\">\n<div class=\"et_pb_row_0 et_pb_row et_flex_row\">\n<div class=\"et_pb_column_0 et_pb_column et-last-child et_flex_column et_pb_css_mix_blend_mode_passthrough et_flex_column_24_24 et_flex_column_24_24_tablet et_flex_column_24_24_phone et_flex_column_24_24_phoneWide\">\n<section class=\"et_pb_fullwidth_header_0 et_pb_fullwidth_header et_pb_bg_layout_dark et_pb_text_align_left et_pb_module et_flex_module\"><div class=\"et_pb_fullwidth_header_container left\"><div class=\"header-content-container center\"><div class=\"header-content et_flex_module\"><h1 class=\"et_pb_module_header\">Rippers Gives Back:<\/h1><span class=\"et_pb_fullwidth_header_subhead\">Toys for Tots 2025<\/span><div class=\"et_pb_header_content_wrapper\"><p>\u00danase a Rippers Body Shop y a la Reserva del Cuerpo de Marines de Sacramento para llevar alegr\u00eda a los ni\u00f1os de West Sacramento en estas fiestas.<\/p>\n<\/div><div class=\"et_pb_header_button_wrapper\"><a class=\"et_pb_button et_pb_more_button et_pb_button_one\" href=\"https:\/\/www.google.com\/maps\/dir\/\/2435+W+Capitol+Ave+West+Sacramento,+CA+95691\/@38.5790385,-121.5428877,16z\/data=!4m5!4m4!1m0!1m2!1m1!1s0x809ad404a63a6497:0x4fc936ed610592d8\">Entrega de juguetes<\/a><a class=\"et_pb_button et_pb_more_button et_pb_button_two\" href=\"https:\/\/sacramento-ca.toysfortots.org\/local-coordinator-sites\/lco-sites\/Default.aspx\">Learn More<\/a><\/div><\/div><\/div><\/div><div class=\"et_pb_fullwidth_header_overlay\"><\/div><div class=\"et_pb_fullwidth_header_scroll\"><\/div><\/section>\n<\/div>\n<\/div>\n<\/div>\n\n<div class=\"et_pb_section_1 et_pb_section et_section_regular et_flex_section\">\n<div class=\"et_pb_row_1 et_pb_row et_flex_row\">\n<div class=\"et_pb_column_1 et_pb_column et-last-child et_flex_column et_pb_css_mix_blend_mode_passthrough et_flex_column_24_24 et_flex_column_24_24_tablet et_flex_column_24_24_phone et_flex_column_24_24_phoneWide\">\n<div class=\"et_pb_heading_0 et_pb_heading et_pb_module et_flex_module\"><div class=\"et_pb_heading_container\"><h1 class=\"et_pb_module_header\">A Partnership Built on Community<\/h1><\/div><\/div>\n\n<div class=\"et_pb_text_0 et_pb_text et_pb_bg_layout_light et_pb_module et_flex_module\"><div class=\"et_pb_text_inner\"><p><span>Rippers Body Shop is proud to partner with Sacramento Marine Corps Reserve Toys for Tots to serve as an official toy drop-off location for West Sacramento families<\/span><\/p>\n<\/div><\/div>\n<\/div>\n<\/div>\n\n<div class=\"et_pb_row_2 et_pb_row et_flex_row\">\n<div class=\"et_pb_column_2 et_pb_column et_flex_column et_pb_css_mix_blend_mode_passthrough et_flex_column_24_24 et_flex_column_24_24_tablet et_flex_column_24_24_phone et_flex_column_24_24_phoneWide\">\n<div class=\"et_pb_image_0 et_pb_image et_pb_module et_flex_module\"><span class=\"et_pb_image_wrap\"><img loading=\"lazy\" decoding=\"async\" src=\"https:\/\/rippersbodyshops.com\/wp-content\/uploads\/2025\/10\/2025-10-16-16-34-12.avif\" alt=\"Rippers Toy Mission\" width=\"356\" height=\"330\" srcset=\"https:\/\/rippersbodyshops.com\/wp-content\/uploads\/2025\/10\/2025-10-16-16-34-12.avif 356w, https:\/\/rippersbodyshops.com\/wp-content\/uploads\/2025\/10\/2025-10-16-16-34-12-300x278.avif 300w, https:\/\/rippersbodyshops.com\/wp-content\/uploads\/2025\/10\/2025-10-16-16-34-12-13x12.avif 13w\" sizes=\"(max-width: 356px) 100vw, 356px\" class=\"wp-image-87940\" \/><\/span><\/div>\n<\/div>\n\n<div class=\"et_pb_column_3 et_pb_column et_flex_column et_pb_css_mix_blend_mode_passthrough et_flex_column_24_24 et_flex_column_24_24_tablet et_flex_column_24_24_phone et_flex_column_24_24_phoneWide\">\n<div class=\"et_pb_image_1 et_pb_image et_pb_module et_flex_module\"><span class=\"et_pb_image_wrap\"><img loading=\"lazy\" decoding=\"async\" src=\"https:\/\/rippersbodyshops.com\/wp-content\/uploads\/2025\/10\/2025-10-16-16-35-51.avif\" alt=\"Community First\" width=\"340\" height=\"319\" srcset=\"https:\/\/rippersbodyshops.com\/wp-content\/uploads\/2025\/10\/2025-10-16-16-35-51.avif 340w, https:\/\/rippersbodyshops.com\/wp-content\/uploads\/2025\/10\/2025-10-16-16-35-51-300x281.avif 300w, https:\/\/rippersbodyshops.com\/wp-content\/uploads\/2025\/10\/2025-10-16-16-35-51-13x12.avif 13w\" sizes=\"(max-width: 340px) 100vw, 340px\" class=\"wp-image-87941\" \/><\/span><\/div>\n<\/div>\n\n<div class=\"et_pb_column_4 et_pb_column et-last-child et_flex_column et_pb_css_mix_blend_mode_passthrough et_flex_column_24_24 et_flex_column_24_24_tablet et_flex_column_24_24_phone et_flex_column_24_24_phoneWide\">\n<div class=\"et_pb_image_2 et_pb_image et_pb_module et_flex_module\"><span class=\"et_pb_image_wrap\"><img loading=\"lazy\" decoding=\"async\" src=\"https:\/\/rippersbodyshops.com\/wp-content\/uploads\/2025\/10\/2025-10-16-16-36-54.avif\" alt=\"Making an Impact\" width=\"332\" height=\"326\" srcset=\"https:\/\/rippersbodyshops.com\/wp-content\/uploads\/2025\/10\/2025-10-16-16-36-54.avif 332w, https:\/\/rippersbodyshops.com\/wp-content\/uploads\/2025\/10\/2025-10-16-16-36-54-300x295.avif 300w, https:\/\/rippersbodyshops.com\/wp-content\/uploads\/2025\/10\/2025-10-16-16-36-54-12x12.avif 12w\" sizes=\"(max-width: 332px) 100vw, 332px\" class=\"wp-image-87942\" \/><\/span><\/div>\n<\/div>\n<\/div>\n<\/div>\n\n<div class=\"et_pb_section_2 et_pb_section et_section_regular et_flex_section\">\n<div class=\"et_pb_row_3 et_pb_row et_flex_row\">\n<div class=\"et_pb_column_5 et_pb_column et-last-child et_flex_column et_pb_css_mix_blend_mode_passthrough et_flex_column_24_24 et_flex_column_24_24_tablet et_flex_column_24_24_phone et_flex_column_24_24_phoneWide\">\n<div class=\"et_pb_heading_1 et_pb_heading et_pb_module et_flex_module\"><div class=\"et_pb_heading_container\"><h1 class=\"et_pb_module_header\">How to Donate<\/h1><\/div><\/div>\n\n<div class=\"et_pb_text_1 et_pb_text et_pb_bg_layout_light et_pb_module et_flex_module\"><div class=\"et_pb_text_inner\"><p><span>Your generosity can brighten a child's holiday season. Here's everything you need to know about donating toys at Rippers Body Shop<\/span><\/p>\n<\/div><\/div>\n<\/div>\n<\/div>\n\n<div class=\"et_pb_row_4 et_pb_row et_flex_row\">\n<div class=\"et_pb_column_6 et_pb_column et_flex_column et_pb_css_mix_blend_mode_passthrough et_flex_column_24_24 et_flex_column_24_24_tablet et_flex_column_24_24_phone et_flex_column_24_24_phoneWide\">\n<div class=\"et_pb_image_3 et_pb_image et_pb_module et_flex_module\"><span class=\"et_pb_image_wrap\"><img loading=\"lazy\" decoding=\"async\" src=\"https:\/\/rippersbodyshops.com\/wp-content\/uploads\/2025\/10\/toys-for-tots.avif\" width=\"640\" height=\"640\" srcset=\"https:\/\/rippersbodyshops.com\/wp-content\/uploads\/2025\/10\/toys-for-tots.avif 640w, https:\/\/rippersbodyshops.com\/wp-content\/uploads\/2025\/10\/toys-for-tots-300x300.avif 300w, https:\/\/rippersbodyshops.com\/wp-content\/uploads\/2025\/10\/toys-for-tots-150x150.avif 150w, https:\/\/rippersbodyshops.com\/wp-content\/uploads\/2025\/10\/toys-for-tots-12x12.avif 12w, https:\/\/rippersbodyshops.com\/wp-content\/uploads\/2025\/10\/toys-for-tots-480x480.avif 480w\" sizes=\"(max-width: 640px) 100vw, 640px\" class=\"wp-image-87945\" \/><\/span><\/div>\n\n<div class=\"et_pb_text_2 et_pb_text et_pb_bg_layout_light et_pb_module et_flex_module\"><div class=\"et_pb_text_inner\"><p>Official donation barrel located at our West Sacramento shop<\/p>\n<\/div><\/div>\n<\/div>\n\n<div class=\"et_pb_column_7 et_pb_column et-last-child et_flex_column et_pb_css_mix_blend_mode_passthrough et_flex_column_24_24 et_flex_column_24_24_tablet et_flex_column_24_24_phone et_flex_column_24_24_phoneWide\">\n<div class=\"et_pb_image_4 et_pb_image et_pb_module et_flex_module\"><span class=\"et_pb_image_wrap\"><img loading=\"lazy\" decoding=\"async\" src=\"https:\/\/rippersbodyshops.com\/wp-content\/uploads\/2025\/10\/2025-10-16-16-45-23.avif\" alt=\"What to Donate\" width=\"562\" height=\"163\" srcset=\"https:\/\/rippersbodyshops.com\/wp-content\/uploads\/2025\/10\/2025-10-16-16-45-23.avif 562w, https:\/\/rippersbodyshops.com\/wp-content\/uploads\/2025\/10\/2025-10-16-16-45-23-300x87.avif 300w, https:\/\/rippersbodyshops.com\/wp-content\/uploads\/2025\/10\/2025-10-16-16-45-23-18x5.avif 18w, https:\/\/rippersbodyshops.com\/wp-content\/uploads\/2025\/10\/2025-10-16-16-45-23-480x139.avif 480w\" sizes=\"(max-width: 562px) 100vw, 562px\" class=\"wp-image-87946\" \/><\/span><\/div>\n\n<div class=\"et_pb_image_5 et_pb_image et_pb_module et_flex_module\"><span class=\"et_pb_image_wrap\"><img loading=\"lazy\" decoding=\"async\" src=\"https:\/\/rippersbodyshops.com\/wp-content\/uploads\/2025\/10\/2025-10-16-16-47-31.avif\" width=\"559\" height=\"170\" srcset=\"https:\/\/rippersbodyshops.com\/wp-content\/uploads\/2025\/10\/2025-10-16-16-47-31.avif 559w, https:\/\/rippersbodyshops.com\/wp-content\/uploads\/2025\/10\/2025-10-16-16-47-31-300x91.avif 300w, https:\/\/rippersbodyshops.com\/wp-content\/uploads\/2025\/10\/2025-10-16-16-47-31-18x5.avif 18w, https:\/\/rippersbodyshops.com\/wp-content\/uploads\/2025\/10\/2025-10-16-16-47-31-480x146.avif 480w\" sizes=\"(max-width: 559px) 100vw, 559px\" class=\"wp-image-87948\" \/><\/span><\/div>\n\n<div class=\"et_pb_image_6 et_pb_image et_pb_module et_flex_module\"><span class=\"et_pb_image_wrap\"><img loading=\"lazy\" decoding=\"async\" src=\"https:\/\/rippersbodyshops.com\/wp-content\/uploads\/2025\/10\/2025-10-16-16-48-58.avif\" width=\"560\" height=\"166\" srcset=\"https:\/\/rippersbodyshops.com\/wp-content\/uploads\/2025\/10\/2025-10-16-16-48-58.avif 560w, https:\/\/rippersbodyshops.com\/wp-content\/uploads\/2025\/10\/2025-10-16-16-48-58-300x89.avif 300w, https:\/\/rippersbodyshops.com\/wp-content\/uploads\/2025\/10\/2025-10-16-16-48-58-18x5.avif 18w, https:\/\/rippersbodyshops.com\/wp-content\/uploads\/2025\/10\/2025-10-16-16-48-58-480x142.avif 480w\" sizes=\"(max-width: 560px) 100vw, 560px\" class=\"wp-image-87949\" \/><\/span><\/div>\n<\/div>\n<\/div>\n<\/div>\n\n<div class=\"et_pb_section_3 et_pb_section et_section_regular et_flex_section\">\n<div class=\"et_pb_row_5 et_pb_row et_flex_row\">\n<div class=\"et_pb_column_8 et_pb_column et-last-child et_flex_column et_pb_css_mix_blend_mode_passthrough et_flex_column_24_24 et_flex_column_24_24_tablet et_flex_column_24_24_phone et_flex_column_24_24_phoneWide\">\n<div class=\"et_pb_image_7 et_pb_image et_pb_module et_flex_module\"><a href=\"https:\/\/www.google.com\/maps\/dir\/\/2435+W+Capitol+Ave+West+Sacramento,+CA+95691\/@38.5790385,-121.5428877,16z\/data=!4m5!4m4!1m0!1m2!1m1!1s0x809ad404a63a6497:0x4fc936ed610592d8\"><span class=\"et_pb_image_wrap\"><img loading=\"lazy\" decoding=\"async\" src=\"https:\/\/rippersbodyshops.com\/wp-content\/uploads\/2025\/10\/2025-10-16-16-55-11.avif\" alt=\"Commitment to West Sacramento\" width=\"907\" height=\"813\" srcset=\"https:\/\/rippersbodyshops.com\/wp-content\/uploads\/2025\/10\/2025-10-16-16-55-11.avif 907w, https:\/\/rippersbodyshops.com\/wp-content\/uploads\/2025\/10\/2025-10-16-16-55-11-300x269.avif 300w, https:\/\/rippersbodyshops.com\/wp-content\/uploads\/2025\/10\/2025-10-16-16-55-11-768x688.avif 768w, https:\/\/rippersbodyshops.com\/wp-content\/uploads\/2025\/10\/2025-10-16-16-55-11-13x12.avif 13w, https:\/\/rippersbodyshops.com\/wp-content\/uploads\/2025\/10\/2025-10-16-16-55-11-480x430.avif 480w\" sizes=\"(max-width: 907px) 100vw, 907px\" class=\"wp-image-87951\" \/><\/span><\/a><\/div>\n<\/div>\n<\/div>\n<\/div>","protected":false},"excerpt":{"rendered":"","protected":false},"author":1,"featured_media":0,"parent":0,"menu_order":0,"comment_status":"closed","ping_status":"closed","template":"","meta":{"om_disable_all_campaigns":false,"_monsterinsights_skip_tracking":false,"_monsterinsights_sitenote_active":false,"_monsterinsights_sitenote_note":"","_monsterinsights_sitenote_category":0,"footnotes":""},"class_list":["post-87919","page","type-page","status-publish","hentry"],"aioseo_notices":[],"_links":{"self":[{"href":"https:\/\/rippersbodyshops.com\/es\/wp-json\/wp\/v2\/pages\/87919","targetHints":{"allow":["GET"]}}],"collection":[{"href":"https:\/\/rippersbodyshops.com\/es\/wp-json\/wp\/v2\/pages"}],"about":[{"href":"https:\/\/rippersbodyshops.com\/es\/wp-json\/wp\/v2\/types\/page"}],"author":[{"embeddable":true,"href":"https:\/\/rippersbodyshops.com\/es\/wp-json\/wp\/v2\/users\/1"}],"replies":[{"embeddable":true,"href":"https:\/\/rippersbodyshops.com\/es\/wp-json\/wp\/v2\/comments?post=87919"}],"version-history":[{"count":5,"href":"https:\/\/rippersbodyshops.com\/es\/wp-json\/wp\/v2\/pages\/87919\/revisions"}],"predecessor-version":[{"id":87955,"href":"https:\/\/rippersbodyshops.com\/es\/wp-json\/wp\/v2\/pages\/87919\/revisions\/87955"}],"wp:attachment":[{"href":"https:\/\/rippersbodyshops.com\/es\/wp-json\/wp\/v2\/media?parent=87919"}],"curies":[{"name":"wp","href":"https:\/\/api.w.org\/{rel}","templated":true}]}}